{"id":4480,"date":"2023-08-06T12:33:53","date_gmt":"2023-08-06T16:33:53","guid":{"rendered":"https:\/\/maisonbleue.info\/partenaire-et-engagement-communautaire\/"},"modified":"2026-01-19T15:28:40","modified_gmt":"2026-01-19T20:28:40","slug":"community-partners-and-involvement","status":"publish","type":"page","link":"https:\/\/maisonbleue.info\/en\/community-partners-and-involvement\/","title":{"rendered":"Partners and community involvement"},"content":{"rendered":"\t\t<div data-elementor-type=\"wp-page\" data-elementor-id=\"4480\" class=\"elementor elementor-4480 elementor-2472\" data-elementor-post-type=\"page\">\n\t\t\t\t\t\t<section class=\"elementor-section elementor-top-section elementor-element elementor-element-23a74919 elementor-section-boxed elementor-section-height-default elementor-section-height-default\" data-id=\"23a74919\" data-element_type=\"section\" data-e-type=\"section\" data-settings=\"{&quot;background_background&quot;:&quot;classic&quot;}\">\n\t\t\t\t\t\t<div class=\"elementor-container elementor-column-gap-default\">\n\t\t\t\t\t<div class=\"elementor-column elementor-col-100 elementor-top-column elementor-element elementor-element-5ffd4d25\" data-id=\"5ffd4d25\" data-element_type=\"column\" data-e-type=\"column\" data-settings=\"{&quot;background_background&quot;:&quot;classic&quot;}\">\n\t\t\t<div class=\"elementor-widget-wrap elementor-element-populated\">\n\t\t\t\t\t\t<div class=\"elementor-element elementor-element-11717f5 elementor-view-default elementor-widget elementor-widget-icon\" data-id=\"11717f5\" data-element_type=\"widget\" data-e-type=\"widget\" data-widget_type=\"icon.default\">\n\t\t\t\t<div class=\"elementor-widget-container\">\n\t\t\t\t\t\t\t<div class=\"elementor-icon-wrapper\">\n\t\t\t<div class=\"elementor-icon\">\n\t\t\t<i aria-hidden=\"true\" class=\"far fa-hospital\"><\/i>\t\t\t<\/div>\n\t\t<\/div>\n\t\t\t\t\t\t<\/div>\n\t\t\t\t<\/div>\n\t\t\t\t<div class=\"elementor-element elementor-element-649f081e elementor-widget elementor-widget-heading\" data-id=\"649f081e\" data-element_type=\"widget\" data-e-type=\"widget\" data-widget_type=\"heading.default\">\n\t\t\t\t<div class=\"elementor-widget-container\">\n\t\t\t\t\t<h2 class=\"elementor-heading-title elementor-size-default\">Partners in the healthcare network<\/h2>\t\t\t\t<\/div>\n\t\t\t\t<\/div>\n\t\t<div class=\"elementor-element elementor-element-d5bfd4a e-flex e-con-boxed e-con e-parent\" data-id=\"d5bfd4a\" data-element_type=\"container\" data-e-type=\"container\" data-settings=\"{&quot;background_background&quot;:&quot;classic&quot;}\">\n\t\t\t\t\t<div class=\"e-con-inner\">\n\t\t\t\t<div class=\"elementor-element elementor-element-a4636c7 elementor-widget elementor-widget-text-editor\" data-id=\"a4636c7\" data-element_type=\"widget\" data-e-type=\"widget\" data-widget_type=\"text-editor.default\">\n\t\t\t\t<div class=\"elementor-widget-container\">\n\t\t\t\t\t\t\t\t\t<ul style=\"font-size: 15px; background-color: #fcf7f2;\"><li style=\"font-size: 15px;\">Minist\u00e8re de la Sant\u00e9 et des Services sociaux du Qu\u00e9bec<\/li><li style=\"font-size: 15px;\">CIUSSS du Centre-Ouest-de-l\u2019\u00cele-de-Montr\u00e9al<\/li><li style=\"font-size: 15px;\">CIUSSS de l\u2019Est-de-l\u2019\u00cele-de-Montr\u00e9al<\/li><li style=\"font-size: 15px;\">CIUSSS du Centre-Sud-de-l\u2019\u00cele-de-Montr\u00e9al<\/li><li style=\"font-size: 15px;\">CIUSSS du Nord-de-l\u2019\u00cele-de-Montr\u00e9al<\/li><li style=\"font-size: 15px;\">GMF-U de C\u00f4te-des-Neiges<\/li><li style=\"font-size: 15px;\">GMF-U de Parc-Extension<\/li><li style=\"font-size: 15px;\">GMF-U Maisonneuve-Rosemont<\/li><li style=\"font-size: 15px;\">GMF-U de Verdun<\/li><li style=\"font-size: 15px;\"><span data-teams=\"true\">GMF-U Montr\u00e9al-Nord-Est<\/span><\/li><li style=\"font-size: 15px;\">H\u00f4pital g\u00e9n\u00e9ral juif<\/li><li style=\"font-size: 15px;\">H\u00f4pital Maisonneuve-Rosemont<\/li><li style=\"font-size: 15px;\">Centre hospitalier de l\u2019Universit\u00e9 de Montr\u00e9al (CHUM)<\/li><li style=\"font-size: 15px;\">H\u00f4pital du Sacr\u00e9-C\u0153ur-de-Montr\u00e9al<\/li><li style=\"font-size: 15px;\">Maison de naissance C\u00f4te-des-Neiges<\/li><li style=\"font-size: 15px;\">Maison de naissance Jeanne-Mance<\/li><li style=\"font-size: 15px;\">Maison de naissance Anne-Courtemanche<\/li><li style=\"font-size: 15px;\">Maison de naissance Marie-Paule-Lanthier<\/li><\/ul>\t\t\t\t\t\t\t\t<\/div>\n\t\t\t\t<\/div>\n\t\t\t\t\t<\/div>\n\t\t\t\t<\/div>\n\t\t\t\t<div class=\"elementor-element elementor-element-5de8940 elementor-widget elementor-widget-spacer\" data-id=\"5de8940\" data-element_type=\"widget\" data-e-type=\"widget\" data-widget_type=\"spacer.default\">\n\t\t\t\t<div class=\"elementor-widget-container\">\n\t\t\t\t\t\t\t<div class=\"elementor-spacer\">\n\t\t\t<div class=\"elementor-spacer-inner\"><\/div>\n\t\t<\/div>\n\t\t\t\t\t\t<\/div>\n\t\t\t\t<\/div>\n\t\t\t\t<div class=\"elementor-element elementor-element-188465d elementor-view-default elementor-widget elementor-widget-icon\" data-id=\"188465d\" data-element_type=\"widget\" data-e-type=\"widget\" data-widget_type=\"icon.default\">\n\t\t\t\t<div class=\"elementor-widget-container\">\n\t\t\t\t\t\t\t<div class=\"elementor-icon-wrapper\">\n\t\t\t<div class=\"elementor-icon\">\n\t\t\t<i aria-hidden=\"true\" class=\"fas fa-hands-helping\"><\/i>\t\t\t<\/div>\n\t\t<\/div>\n\t\t\t\t\t\t<\/div>\n\t\t\t\t<\/div>\n\t\t\t\t<div class=\"elementor-element elementor-element-792985c elementor-widget elementor-widget-heading\" data-id=\"792985c\" data-element_type=\"widget\" data-e-type=\"widget\" data-widget_type=\"heading.default\">\n\t\t\t\t<div class=\"elementor-widget-container\">\n\t\t\t\t\t<h2 class=\"elementor-heading-title elementor-size-default\">Community Partners<\/h2>\t\t\t\t<\/div>\n\t\t\t\t<\/div>\n\t\t\t\t<section class=\"elementor-section elementor-inner-section elementor-element elementor-element-ef284a9 elementor-section-boxed elementor-section-height-default elementor-section-height-default\" data-id=\"ef284a9\" data-element_type=\"section\" data-e-type=\"section\" data-settings=\"{&quot;background_background&quot;:&quot;classic&quot;}\">\n\t\t\t\t\t\t\t<div class=\"elementor-background-overlay\"><\/div>\n\t\t\t\t\t\t\t<div class=\"elementor-container elementor-column-gap-default\">\n\t\t\t\t\t<div class=\"elementor-column elementor-col-33 elementor-inner-column elementor-element elementor-element-16b8284\" data-id=\"16b8284\" data-element_type=\"column\" data-e-type=\"column\" data-settings=\"{&quot;background_background&quot;:&quot;classic&quot;}\">\n\t\t\t<div class=\"elementor-widget-wrap elementor-element-populated\">\n\t\t\t\t\t\t<div class=\"elementor-element elementor-element-2da9a5a elementor-widget elementor-widget-heading\" data-id=\"2da9a5a\" data-element_type=\"widget\" data-e-type=\"widget\" data-widget_type=\"heading.default\">\n\t\t\t\t<div class=\"elementor-widget-container\">\n\t\t\t\t\t<h4 class=\"elementor-heading-title elementor-size-default\">Housing Ressources<\/h4>\t\t\t\t<\/div>\n\t\t\t\t<\/div>\n\t\t\t\t<div class=\"elementor-element elementor-element-42ce88f elementor-widget elementor-widget-text-editor\" data-id=\"42ce88f\" data-element_type=\"widget\" data-e-type=\"widget\" data-widget_type=\"text-editor.default\">\n\t\t\t\t<div class=\"elementor-widget-container\">\n\t\t\t\t\t\t\t\t\t<p>Abri de l\u2019Espoir \u2022 CAPE (Comit\u00e9 d\u2019action de Parc-Extension) \u2022 Centre d\u2019amiti\u00e9 autochtone de Montr\u00e9al \u2022 Native Women\u2019s Shelter of Montreal \u2022 FECHIMM (F\u00e9d\u00e9ration des coop\u00e9ratives d\u2019habitation intermunicipale du Montr\u00e9al m\u00e9tropolitain) \u2022 H\u00e9berjeune \u2022 La Maison Grise \u2022 Le Cha\u00eenon \u2022 L\u2019\u0153il de C\u00f4te-des-Neiges \u2022 Logifem \u2022 Maison du R\u00e9confort \u2022 Multi-Femmes \u2022OMHM (Office municipal d\u2019habitation de Montr\u00e9al) \u2022 R\u00e9silience Montr\u00e9al \u2022 SOS Violence conjugale \u2022 Y des femmes \u2022 Elizabeth House \u2022 La Rue des Femmes \u2022 Chez Doris \u2022 Mission Old Brewery \u2022 Mission Bon Accueil \u2022 Maison Beno\u00eet Labre \u2022 Le Parados \u2022 Bouclier d\u2019Ath\u00e9na<\/p>\t\t\t\t\t\t\t\t<\/div>\n\t\t\t\t<\/div>\n\t\t\t\t<div class=\"elementor-element elementor-element-5dacb79 elementor-widget elementor-widget-heading\" data-id=\"5dacb79\" data-element_type=\"widget\" data-e-type=\"widget\" data-widget_type=\"heading.default\">\n\t\t\t\t<div class=\"elementor-widget-container\">\n\t\t\t\t\t<h4 class=\"elementor-heading-title elementor-size-default\">Legal, Immigration and Francization Ressources<\/h4>\t\t\t\t<\/div>\n\t\t\t\t<\/div>\n\t\t\t\t<div class=\"elementor-element elementor-element-f561e25 elementor-widget elementor-widget-text-editor\" data-id=\"f561e25\" data-element_type=\"widget\" data-e-type=\"widget\" data-widget_type=\"text-editor.default\">\n\t\t\t\t<div class=\"elementor-widget-container\">\n\t\t\t\t\t\t\t\t\t<p>Afrique Au f\u00e9minin \u2022 AIEM (Accueil aux Immigrants de l\u2019Est de Montr\u00e9al) \u2022 Baobab Familial \u2022 Casa Cafi (Centre d\u2019Aide aux Familles Immigrantes) \u2022 Centre d\u2019\u00e9coute et de r\u00e9f\u00e9rence Multi-\u00c9coute \u2022 Centre des femmes du sud-est asiatique \u2022 CECRG (Centre \u00e9ducatif communautaire Ren\u00e9 Goupil) \u2022 CHAIS (Centre ha\u00eftien d\u2019animation et d\u2019intervention sociales) \u2022 Bureaux d\u2019aide juridique \u2022 CACI (Centre d\u2019appui aux communaut\u00e9s immigrantes) \u2022 CAR (Centre d\u2019aide aux r\u00e9fugi\u00e9s du TCRI) \u2022 CARI Saint-Laurent \u2022 CAVAC et CALACS \u2022 Centre des femmes de Montr\u00e9al \u2022 Centre William Hingston \u2022 CLAM (Carrefour liaison d\u2019Aide Multiethnique) \u2022 C\u00f4t\u00e9 Cour (service en violence conjugale) \u2022 CSAI (Centre Social d\u2019Aide Aux Immigrants) \u2022 Direction de la protection de la jeunesse\/Batshaw \u2022 Femmes du monde \u00e0 C\u00f4te-des-Neiges \u2022 IVAC (Indemnisation des victimes d\u2019actes criminels) \u2022 La Maisonn\u00e9e \u2022 MANA \u2013 Maison d\u2019Accueil des Nouveaux Arrivants \u2022 M\u00e9decins du Monde \u2022 Petites Mains \u2022 PRAIDA (Programme r\u00e9gional d\u2019accueil et d\u2019int\u00e9gration des demandeurs d\u2019asile) \u2022 PROMIS \u2022 SIARI (Service d\u2019interpr\u00e8te d\u2019aide et de r\u00e9f\u00e9rence aux immigrants)<\/p>\t\t\t\t\t\t\t\t<\/div>\n\t\t\t\t<\/div>\n\t\t\t\t\t<\/div>\n\t\t<\/div>\n\t\t\t\t<div class=\"elementor-column elementor-col-33 elementor-inner-column elementor-element elementor-element-9de31ab\" data-id=\"9de31ab\" data-element_type=\"column\" data-e-type=\"column\" data-settings=\"{&quot;background_background&quot;:&quot;classic&quot;}\">\n\t\t\t<div class=\"elementor-widget-wrap elementor-element-populated\">\n\t\t\t\t\t\t<div class=\"elementor-element elementor-element-c1bc091 elementor-widget elementor-widget-heading\" data-id=\"c1bc091\" data-element_type=\"widget\" data-e-type=\"widget\" data-widget_type=\"heading.default\">\n\t\t\t\t<div class=\"elementor-widget-container\">\n\t\t\t\t\t<h4 class=\"elementor-heading-title elementor-size-default\">Physical and Mental Health Care Ressources<\/h4>\t\t\t\t<\/div>\n\t\t\t\t<\/div>\n\t\t\t\t<div class=\"elementor-element elementor-element-06be10d elementor-widget elementor-widget-text-editor\" data-id=\"06be10d\" data-element_type=\"widget\" data-e-type=\"widget\" data-widget_type=\"text-editor.default\">\n\t\t\t\t<div class=\"elementor-widget-container\">\n\t\t\t\t\t\t\t\t\t<p>Action-Pr\u00e9vention Verdun \u2022 Afrique au f\u00e9minin \u2022 Association des parents de C\u00f4te-des-Neiges \u2022 Association jama\u00efcaine de Montr\u00e9al \u2022 Baobab Familial \u2022 Biblioth\u00e8ques municipales \u2022 CCS (Collective Community Services) \u2022 Centre Communautaire Dawson \u2022 Centre Communautaire Marcel-Giroux \u2022 Centre de loisirs de C\u00f4te-des-Neiges \u2022 Centre des Femmes de Verdun \u2022 Centres jeunesse de Montr\u00e9al \u2022 Centre William Hingston \u2022 CHAIS (Centre ha\u00eftien d\u2019animation et d\u2019intervention sociales) \u2022 Escale Famille le Triolet \u2022 Famijeunes \u2022 Fondation La Visite \u2022 Garderies et \u00e9coles des quartiers desservis \u2022 JAME (J\u2019apprends avec mon enfant) \u2022 La Joujouth\u00e8que Saint-Michel, MTL Nord &amp; CDN \u2022 Maison des Familles de Verdun \u2022 Maison d\u2019Ha\u00efti \u2022 Maison R\u00e9pit Oasis \u2022 Les Relevailles de Montr\u00e9al \u2022 Loisirs du Parc \u2022 Option \u2022 Organisme Familles Amiti\u00e9 Soleil \u2022 P.A.M. (Projet Agents Multiplicateurs) \u2022 Pause Parents-Enfants de Verdun \u2022 PEYO (Organisation des Jeunes de Parc-Extension) \u2022 Relais C\u00f4te-des-Neiges \u2022 Service de police de la ville de Montr\u00e9al (SPVM)\u2022 Station Familles \u2022 YMCA \u2022 Entre parents (MTLN) \u2022 Toujours Ensemble \u2022 Bureau Consultation Jeunesse \u2022 Biblioth\u00e8que de Parc-Extension \u2022 La Maisonn\u00e9e \u2022 Montr\u00e9al Autochtone \u2022 Au c\u0153ur de l\u2019enfance \u2022 Maison des familles de St L\u00e9onard \u2022 MiniBiblioPLUS \u2022 Centre Atlas<\/p>\t\t\t\t\t\t\t\t<\/div>\n\t\t\t\t<\/div>\n\t\t\t\t<div class=\"elementor-element elementor-element-8aac016 elementor-widget elementor-widget-heading\" data-id=\"8aac016\" data-element_type=\"widget\" data-e-type=\"widget\" data-widget_type=\"heading.default\">\n\t\t\t\t<div class=\"elementor-widget-container\">\n\t\t\t\t\t<h4 class=\"elementor-heading-title elementor-size-default\">Material &amp; Financial Ressources \/ Employment Assistance<\/h4>\t\t\t\t<\/div>\n\t\t\t\t<\/div>\n\t\t\t\t<div class=\"elementor-element elementor-element-7340b86 elementor-widget elementor-widget-text-editor\" data-id=\"7340b86\" data-element_type=\"widget\" data-e-type=\"widget\" data-widget_type=\"text-editor.default\">\n\t\t\t\t<div class=\"elementor-widget-container\">\n\t\t\t\t\t\t\t\t\t<p>Alternative Naissance \u2022 Arm\u00e9e du Salut \u2022 Association des parents de C\u00f4te-des-Neiges \u2022 CAF Centre d\u2019aide \u00e0 la famille \u2022 Carrefour Jeunesse Emploi de C\u00f4te-des-Neiges \u2022 Centre des femmes de Montr\u00e9al \u2022 Ch\u00e8ques de La Gazette \u2022 CLE (Centre local d\u2019emploi) \u2022 Collectif Bienvenue \u2022 \u00c9cole Rosalie-Jett\u00e9 \u2022 Friperie Au coin de l&#8217;Entraide \u2022 Fripe-Prix Renaissance \u2022 Grossesse Secours \u2022 Jeunesse au soleil \u2022 Magasin Partage \u2022 Op\u00e9ration P\u00e8re No\u00ebl \u2022 S\u0153ur Doris de C\u00f4te-des-Neiges \u2022 Fondation de la Visite (MTLN) \u2022 Projaide \u2022Coll\u00e8ge Reine Marie \u2022 Coll\u00e8ge de Montr\u00e9al \u2022 Pensionnat du Saint-Nom-de-Marie \u2022 \u00c9cole Saint-Germain d&#8217;Outremont \u2022 Mini-Biblio \u2022 Mount Moriah SDA Church<\/p>\t\t\t\t\t\t\t\t<\/div>\n\t\t\t\t<\/div>\n\t\t\t\t\t<\/div>\n\t\t<\/div>\n\t\t\t\t<div class=\"elementor-column elementor-col-33 elementor-inner-column elementor-element elementor-element-31c20dd\" data-id=\"31c20dd\" data-element_type=\"column\" data-e-type=\"column\" data-settings=\"{&quot;background_background&quot;:&quot;classic&quot;}\">\n\t\t\t<div class=\"elementor-widget-wrap elementor-element-populated\">\n\t\t\t\t\t\t<div class=\"elementor-element elementor-element-a85f6c5 elementor-widget elementor-widget-heading\" data-id=\"a85f6c5\" data-element_type=\"widget\" data-e-type=\"widget\" data-widget_type=\"heading.default\">\n\t\t\t\t<div class=\"elementor-widget-container\">\n\t\t\t\t\t<h4 class=\"elementor-heading-title elementor-size-default\">Ressources for Children and Families<\/h4>\t\t\t\t<\/div>\n\t\t\t\t<\/div>\n\t\t\t\t<div class=\"elementor-element elementor-element-fceebd5 elementor-widget elementor-widget-text-editor\" data-id=\"fceebd5\" data-element_type=\"widget\" data-e-type=\"widget\" data-widget_type=\"text-editor.default\">\n\t\t\t\t<div class=\"elementor-widget-container\">\n\t\t\t\t\t\t\t\t\t<p>Alternative Naissance \u2022 Arm\u00e9e du Salut \u2022 Association des parents de C\u00f4te-des-Neiges \u2022 CAF Centre d\u2019aide \u00e0 la famille \u2022 Carrefour Jeunesse Emploi de C\u00f4te-des-Neiges \u2022 Centre des femmes de Montr\u00e9al \u2022 Ch\u00e8ques de La Gazette \u2022 CLE (Centre local d\u2019emploi) \u2022 Collectif Bienvenue \u2022 \u00c9cole Rosalie-Jett\u00e9 \u2022 Friperie Au coin de l&#8217;Entraide \u2022 Fripe-Prix Renaissance \u2022 Grossesse Secours \u2022 Jeunesse au soleil \u2022 Magasin Partage \u2022 Op\u00e9ration P\u00e8re No\u00ebl \u2022 S\u0153ur Doris de C\u00f4te-des-Neiges \u2022 Fondation de la Visite (MTLN) \u2022 Projaide \u2022 Coll\u00e8ge Reine Marie \u2022 Coll\u00e8ge de Montr\u00e9al \u2022 Pensionnat du Saint-Nom-de-Marie \u2022 \u00c9cole Saint-Germain d&#8217;Outremont \u2022 Mini-Biblio \u2022 Mount Moriah SDA Church<\/p>\t\t\t\t\t\t\t\t<\/div>\n\t\t\t\t<\/div>\n\t\t\t\t<div class=\"elementor-element elementor-element-b77e4ce elementor-widget elementor-widget-heading\" data-id=\"b77e4ce\" data-element_type=\"widget\" data-e-type=\"widget\" data-widget_type=\"heading.default\">\n\t\t\t\t<div class=\"elementor-widget-container\">\n\t\t\t\t\t<h4 class=\"elementor-heading-title elementor-size-default\">Food and Nutrition Support Ressources<\/h4>\t\t\t\t<\/div>\n\t\t\t\t<\/div>\n\t\t\t\t<div class=\"elementor-element elementor-element-145c9c2 elementor-widget elementor-widget-text-editor\" data-id=\"145c9c2\" data-element_type=\"widget\" data-e-type=\"widget\" data-widget_type=\"text-editor.default\">\n\t\t\t\t<div class=\"elementor-widget-container\">\n\t\t\t\t\t\t\t\t\t<p>Alima, Centre de nutrition sociale p\u00e9rinatale \u2022 Banques alimentaires de Parc-Extension \u2022 Bouffe-Action \u2022 Centre des femmes de Montr\u00e9al \u2022 Fondation OLO \u2022 Jamaican Association \u2022 La table ronde de Saint-L\u00e9onard \u2022 Jeunesse au soleil \u2022 Mon Resto Saint-Michel \u2022 Multicaf \u2022 Relais C\u00f4te-des-Neiges \u2022 Ressource Action Alimentation \u2022 R\u00e9seau d\u2019Entraide de Verdun \u2022 Place commune \u2022 Chez \u00c9milie \u2022 Projaide<\/p>\t\t\t\t\t\t\t\t<\/div>\n\t\t\t\t<\/div>\n\t\t\t\t\t<\/div>\n\t\t<\/div>\n\t\t\t\t\t<\/div>\n\t\t<\/section>\n\t\t\t\t\t<\/div>\n\t\t<\/div>\n\t\t\t\t\t<\/div>\n\t\t<\/section>\n\t\t\t\t<section class=\"elementor-section elementor-top-section elementor-element elementor-element-05b35cb elementor-section-boxed elementor-section-height-default elementor-section-height-default\" data-id=\"05b35cb\" data-element_type=\"section\" data-e-type=\"section\" data-settings=\"{&quot;background_background&quot;:&quot;classic&quot;}\">\n\t\t\t\t\t\t<div class=\"elementor-container elementor-column-gap-default\">\n\t\t\t\t\t<div class=\"elementor-column elementor-col-100 elementor-top-column elementor-element elementor-element-d84225e\" data-id=\"d84225e\" data-element_type=\"column\" data-e-type=\"column\" data-settings=\"{&quot;background_background&quot;:&quot;classic&quot;}\">\n\t\t\t<div class=\"elementor-widget-wrap elementor-element-populated\">\n\t\t\t\t\t\t<div class=\"elementor-element elementor-element-3ea0930 elementor-view-default elementor-widget elementor-widget-icon\" data-id=\"3ea0930\" data-element_type=\"widget\" data-e-type=\"widget\" data-widget_type=\"icon.default\">\n\t\t\t\t<div class=\"elementor-widget-container\">\n\t\t\t\t\t\t\t<div class=\"elementor-icon-wrapper\">\n\t\t\t<div class=\"elementor-icon\">\n\t\t\t<i aria-hidden=\"true\" class=\"fas fa-heart\"><\/i>\t\t\t<\/div>\n\t\t<\/div>\n\t\t\t\t\t\t<\/div>\n\t\t\t\t<\/div>\n\t\t\t\t<div class=\"elementor-element elementor-element-5d0a9d0 elementor-widget elementor-widget-heading\" data-id=\"5d0a9d0\" data-element_type=\"widget\" data-e-type=\"widget\" data-widget_type=\"heading.default\">\n\t\t\t\t<div class=\"elementor-widget-container\">\n\t\t\t\t\t<h2 class=\"elementor-heading-title elementor-size-default\">Implications for the Maison Bleue in 2024-2025<\/h2>\t\t\t\t<\/div>\n\t\t\t\t<\/div>\n\t\t\t\t<section class=\"elementor-section elementor-inner-section elementor-element elementor-element-8b7f381 elementor-section-boxed elementor-section-height-default elementor-section-height-default\" data-id=\"8b7f381\" data-element_type=\"section\" data-e-type=\"section\">\n\t\t\t\t\t\t<div class=\"elementor-container elementor-column-gap-default\">\n\t\t\t\t\t<div class=\"elementor-column elementor-col-100 elementor-inner-column elementor-element elementor-element-8a3ea0b\" data-id=\"8a3ea0b\" data-element_type=\"column\" data-e-type=\"column\" data-settings=\"{&quot;background_background&quot;:&quot;classic&quot;}\">\n\t\t\t<div class=\"elementor-widget-wrap elementor-element-populated\">\n\t\t\t\t\t\t<div class=\"elementor-element elementor-element-626a1eb elementor-widget elementor-widget-text-editor\" data-id=\"626a1eb\" data-element_type=\"widget\" data-e-type=\"widget\" data-widget_type=\"text-editor.default\">\n\t\t\t\t<div class=\"elementor-widget-container\">\n\t\t\t\t\t\t\t\t\t<ul><li>ACFAS<\/li><li>Alima<\/li><li>Association pour la sant\u00e9 publique au Qu\u00e9bec (ASPQ)<\/li><li>Association qu\u00e9b\u00e9coise pour la sant\u00e9 mentale du nourrisson (AQSMN)<\/li><li>Brigade Sant\u00e9 Publique des partenaires du CIUSSS Centre-Ouest-de-l\u2019\u00cele-de-Montr\u00e9al<\/li><li>Centre d\u2019expertise sur le bien-\u00eatre et l\u2019\u00e9tat de sant\u00e9 physique des r\u00e9fugi\u00e9s et des demandeurs d\u2019asile (CERDA)<\/li><li>Chantier montr\u00e9alais des tout-petits de R\u00e9seau r\u00e9ussite Montr\u00e9al (RRM)<\/li><li>Collectif petite enfance<\/li><li>Comit\u00e9 allaitement du CIUSSS du Centre-Ouest-de-l\u2019\u00cele-de-Montr\u00e9al<\/li><li>Comit\u00e9 Alliance du CIUSSS du Centre-Sud-de-l\u2019\u00cele-de-Montr\u00e9al<\/li><li>Comit\u00e9 d\u2019implantation IAB (Amis des b\u00e9b\u00e9s) du CIUSSS du Centre-Sud-de-l\u2019\u00cele- de-Montr\u00e9al<\/li><li>Comit\u00e9 immigration de Verdun<\/li><li>Concertation petite enfance-famille de Montr\u00e9al-Nord<\/li><li>Conf\u00e9d\u00e9ration des organismes familiaux du Qu\u00e9bec (COFAQ)<\/li><li>CooP\u00c8RE<\/li><li>Corporation de d\u00e9veloppement communautaire de C\u00f4te-des-Neiges<\/li><li>Daymark Foundation<\/li><li>Fondation OLO<\/li><li>Institut universitaire SHERPA<\/li><li>Comit\u00e9 P\u00e9rinatalit\u00e9-parentalit\u00e9-famille (SHERPA)<\/li><li>Comit\u00e9 Personnes migrantes \u00e0 statut pr\u00e9caire (SHERPA et CERDA)<\/li><li>Observatoire des tout-petits<\/li><li>P\u00f4le communautaire et de sant\u00e9 sociale \u00e0 Montr\u00e9al-Nord<\/li><li>Projet Carrick<\/li><li>Programme Rond-Point (Centre de p\u00e9diatrie sociale Centre-Sud)<\/li><li>Projet STEP du Centre d\u2019\u00e9tudes interdisciplinaires sur le d\u00e9veloppement de l\u2019enfant et la famille (CEIDEF), Universit\u00e9 du Qu\u00e9bec \u00e0 Trois-Rivi\u00e8res<\/li><li>Recherche-action communautaire (CBAR)<\/li><li>Regroupement Les sages-femmes du Qu\u00e9bec<\/li><li>Regroupement pour la Valorisation de la Paternit\u00e9 (RVP)<\/li><li>R\u00e9seau des Centres de ressources p\u00e9rinatales du Qu\u00e9bec (RCRPQ)<\/li><li>R\u00e9seau de recherche ax\u00e9e sur les pratiques de premi\u00e8re ligne (RRAPPL), Universit\u00e9 McGill<\/li><li>R\u00e9seau pour un Qu\u00e9bec Famille<\/li><li>Table de concertation des organismes au service des personnes r\u00e9fugi\u00e9es et immigrantes (TCRI)<\/li><li>Table des partenaires famille, minist\u00e8re de la Famille<\/li><li>Table de concertation des familles de Verdun<\/li><li>Table de concertation en petite enfance de Parc-Extension<\/li><li>Table de concertation en petite enfance de Saint-Michel<\/li><li>Table de quartier de Parc-Extension<\/li><li>Table des femmes de Parc-Extension<\/li><li>Table des groupes de femmes de Montr\u00e9al<\/li><li>Table famille de C\u00f4te-des-Neiges<\/li><\/ul>\t\t\t\t\t\t\t\t<\/div>\n\t\t\t\t<\/div>\n\t\t\t\t\t<\/div>\n\t\t<\/div>\n\t\t\t\t\t<\/div>\n\t\t<\/section>\n\t\t\t\t\t<\/div>\n\t\t<\/div>\n\t\t\t\t\t<\/div>\n\t\t<\/section>\n\t\t\t\t<\/div>\n\t\t","protected":false},"excerpt":{"rendered":"<p>Partners in the healthcare network Minist\u00e8re de la Sant\u00e9 et des Services sociaux du Qu\u00e9bec CIUSSS du Centre-Ouest-de-l\u2019\u00cele-de-Montr\u00e9al CIUSSS de l\u2019Est-de-l\u2019\u00cele-de-Montr\u00e9al CIUSSS du Centre-Sud-de-l\u2019\u00cele-de-Montr\u00e9al CIUSSS du Nord-de-l\u2019\u00cele-de-Montr\u00e9al GMF-U de C\u00f4te-des-Neiges GMF-U de Parc-Extension GMF-U Maisonneuve-Rosemont GMF-U de Verdun GMF-U Montr\u00e9al-Nord-Est H\u00f4pital g\u00e9n\u00e9ral juif H\u00f4pital Maisonneuve-Rosemont Centre hospitalier de l\u2019Universit\u00e9 de Montr\u00e9al (CHUM) H\u00f4pital du Sacr\u00e9-C\u0153ur-de-Montr\u00e9al [&hellip;]<\/p>\n","protected":false},"author":4,"featured_media":0,"parent":0,"menu_order":0,"comment_status":"closed","ping_status":"closed","template":"","meta":{"footnotes":""},"class_list":["post-4480","page","type-page","status-publish","hentry"],"_links":{"self":[{"href":"https:\/\/maisonbleue.info\/en\/wp-json\/wp\/v2\/pages\/4480","targetHints":{"allow":["GET"]}}],"collection":[{"href":"https:\/\/maisonbleue.info\/en\/wp-json\/wp\/v2\/pages"}],"about":[{"href":"https:\/\/maisonbleue.info\/en\/wp-json\/wp\/v2\/types\/page"}],"author":[{"embeddable":true,"href":"https:\/\/maisonbleue.info\/en\/wp-json\/wp\/v2\/users\/4"}],"replies":[{"embeddable":true,"href":"https:\/\/maisonbleue.info\/en\/wp-json\/wp\/v2\/comments?post=4480"}],"version-history":[{"count":20,"href":"https:\/\/maisonbleue.info\/en\/wp-json\/wp\/v2\/pages\/4480\/revisions"}],"predecessor-version":[{"id":12154,"href":"https:\/\/maisonbleue.info\/en\/wp-json\/wp\/v2\/pages\/4480\/revisions\/12154"}],"wp:attachment":[{"href":"https:\/\/maisonbleue.info\/en\/wp-json\/wp\/v2\/media?parent=4480"}],"curies":[{"name":"wp","href":"https:\/\/api.w.org\/{rel}","templated":true}]}}